{"id":360,"date":"2021-04-20T22:10:23","date_gmt":"2021-04-20T20:10:23","guid":{"rendered":"http:\/\/fleursdepave.fr\/?page_id=360"},"modified":"2025-03-18T15:01:52","modified_gmt":"2025-03-18T14:01:52","slug":"adhesion","status":"publish","type":"page","link":"https:\/\/fleursdepave.fr\/?page_id=360","title":{"rendered":"Adh\u00e9sion"},"content":{"rendered":"\n<p>Vous souhaitez rejoindre l&rsquo;aventure ? <\/p>\n\n\n\n<p>Remplissez le formulaire ci-dessous ou bien t\u00e9l\u00e9charger le bulletin d&rsquo;adh\u00e9sion \u00e0 remplir par vos soins \ud83d\ude42 <\/p>\n\n\n\n<p>https:\/\/docs.google.com\/forms\/d\/e\/1FAIpQLSd78dXsHbqH-eZiPdF8X4xzNQBTEDL8S6r95Iqr4gK_dlmp_A\/viewform?embedded=true<\/p>\n\n\n\n<div class=\"wp-block-file\"><a href=\"https:\/\/fleursdepave.fr\/wp-content\/uploads\/2025\/03\/Bulletin-adhesion-Internet-3-sections.pdf\">Bulletin-adhesion-Internet-3-sections<\/a><a href=\"https:\/\/fleursdepave.fr\/wp-content\/uploads\/2025\/03\/Bulletin-adhesion-Internet-3-sections.pdf\" class=\"wp-block-file__button\" download>T\u00e9l\u00e9charger<\/a><\/div>\n\n\n\n<p><\/p>\n\n\n\n<p><\/p>\n\n\n\n<p><\/p>\n\n\n\n<p><\/p>\n","protected":false},"excerpt":{"rendered":"<p>Vous souhaitez rejoindre l&rsquo;aventure ? Remplissez le formulaire ci-dessous ou bien t\u00e9l\u00e9charger le bulletin d&rsquo;adh\u00e9sion \u00e0 remplir par vos soins \ud83d\ude42 https:\/\/docs.google.com\/forms\/d\/e\/1FAIpQLSd78dXsHbqH-eZiPdF8X4xzNQBTEDL8S6r95Iqr4gK_dlmp_A\/viewform?embedded=true<\/p>\n","protected":false},"author":1,"featured_media":0,"parent":0,"menu_order":0,"comment_status":"closed","ping_status":"closed","template":"","meta":[],"_links":{"self":[{"href":"https:\/\/fleursdepave.fr\/index.php?rest_route=\/wp\/v2\/pages\/360"}],"collection":[{"href":"https:\/\/fleursdepave.fr\/index.php?rest_route=\/wp\/v2\/pages"}],"about":[{"href":"https:\/\/fleursdepave.fr\/index.php?rest_route=\/wp\/v2\/types\/page"}],"author":[{"embeddable":true,"href":"https:\/\/fleursdepave.fr\/index.php?rest_route=\/wp\/v2\/users\/1"}],"replies":[{"embeddable":true,"href":"https:\/\/fleursdepave.fr\/index.php?rest_route=%2Fwp%2Fv2%2Fcomments&post=360"}],"version-history":[{"count":11,"href":"https:\/\/fleursdepave.fr\/index.php?rest_route=\/wp\/v2\/pages\/360\/revisions"}],"predecessor-version":[{"id":656,"href":"https:\/\/fleursdepave.fr\/index.php?rest_route=\/wp\/v2\/pages\/360\/revisions\/656"}],"wp:attachment":[{"href":"https:\/\/fleursdepave.fr\/index.php?rest_route=%2Fwp%2Fv2%2Fmedia&parent=360"}],"curies":[{"name":"wp","href":"https:\/\/api.w.org\/{rel}","templated":true}]}}