{"id":14,"date":"2018-08-29T16:26:32","date_gmt":"2018-08-29T14:26:32","guid":{"rendered":"http:\/\/fleursdepave.fr\/?page_id=14"},"modified":"2026-02-17T17:09:35","modified_gmt":"2026-02-17T16:09:35","slug":"qui-sommes-nous","status":"publish","type":"page","link":"https:\/\/fleursdepave.fr\/?page_id=14","title":{"rendered":"Qui sommes nous ?"},"content":{"rendered":"\n<figure class=\"wp-block-image size-large is-resized\"><img src=\"http:\/\/fleursdepave.fr\/wp-content\/uploads\/2018\/10\/fleursdepavePresse-1024x579.jpg\" alt=\"\" class=\"wp-image-105\" width=\"75%\" srcset=\"https:\/\/fleursdepave.fr\/wp-content\/uploads\/2018\/10\/fleursdepavePresse-1024x579.jpg 1024w, https:\/\/fleursdepave.fr\/wp-content\/uploads\/2018\/10\/fleursdepavePresse-300x170.jpg 300w, https:\/\/fleursdepave.fr\/wp-content\/uploads\/2018\/10\/fleursdepavePresse-768x434.jpg 768w, https:\/\/fleursdepave.fr\/wp-content\/uploads\/2018\/10\/fleursdepavePresse.jpg 1260w\" sizes=\"(max-width: 1024px) 100vw, 1024px\" \/><\/figure>\n\n\n<p><\/p>\n<p>Fleurs de pav\u00e9 est une jeune association fond\u00e9e par les habitants du quartier Nord-Gare.<\/p>\n<p>La racine de notre projet est de jardiner et cultiver le bien \u00eatre ensemble par divers projets :<\/p>\n<ul>\n<li>G\u00e9rer un jardin potager mis \u00e0 disposition par la ville de Vannes ouvert \u00e0 tous<\/li>\n<li>Cr\u00e9er du lien social entre les habitants du quartier,<\/li>\n<li>Faire un lieu p\u00e9dagogique envers les enfants<\/li>\n<li>Promouvoir toutes actions contribuant \u00e0 embellir le cadre de vie du quartier Nord Gare<\/li>\n<li>Organiser des activit\u00e9s p\u00e9dagogiques, artistiques et culturelles et autres animations de quartier<\/li>\n<li>Partage de savoir faire<\/li>\n<\/ul>\n<p>Si vous aussi, vous souhaitez \u0153uvrer \u00e0 la vie de notre nouveau quartier,<\/p>\n<hr>\n<p>N&rsquo;h\u00e9sitez pas \u00e0 <a href=\"http:\/\/fleursdepave.fr\/?page_id=15\">nous contacter<\/a> !<\/p>\n<hr>\n\n\n<p>Depuis Mai 2022, l&rsquo;association a essaim\u00e9 d&rsquo;un nouveau jardin partag\u00e9 dans le quartier de Tohannic (rue Ren\u00e9-Louis Moreau) g\u00e9r\u00e9 par les habitants du quartier regroup\u00e9 au sein de la section Tohannic de l&rsquo;association Fleur de Pav\u00e9. La philosophie et les objectifs de ce nouveau jardin sont identiques \u00e0 ceux du jardin du quartier Nord-Gare. <\/p>\n\n\n\n<p><img loading=\"lazy\" width=\"1920\" height=\"2560\" class=\"wp-image-537\" style=\"width: 25%;\" src=\"http:\/\/fleursdepave.fr\/wp-content\/uploads\/2023\/01\/2023_01_31_inauguration0-scaled.jpg\" alt=\"\" srcset=\"https:\/\/fleursdepave.fr\/wp-content\/uploads\/2023\/01\/2023_01_31_inauguration0-scaled.jpg 1920w, https:\/\/fleursdepave.fr\/wp-content\/uploads\/2023\/01\/2023_01_31_inauguration0-225x300.jpg 225w, https:\/\/fleursdepave.fr\/wp-content\/uploads\/2023\/01\/2023_01_31_inauguration0-768x1024.jpg 768w, https:\/\/fleursdepave.fr\/wp-content\/uploads\/2023\/01\/2023_01_31_inauguration0-1152x1536.jpg 1152w, https:\/\/fleursdepave.fr\/wp-content\/uploads\/2023\/01\/2023_01_31_inauguration0-1536x2048.jpg 1536w\" sizes=\"(max-width: 1920px) 100vw, 1920px\" \/>      <img loading=\"lazy\" width=\"1920\" height=\"2560\" class=\"wp-image-518\" style=\"width: 25%;\" src=\"http:\/\/fleursdepave.fr\/wp-content\/uploads\/2023\/01\/2022_10_22_trocante2-scaled.jpg\" alt=\"\" srcset=\"https:\/\/fleursdepave.fr\/wp-content\/uploads\/2023\/01\/2022_10_22_trocante2-scaled.jpg 1920w, https:\/\/fleursdepave.fr\/wp-content\/uploads\/2023\/01\/2022_10_22_trocante2-225x300.jpg 225w, https:\/\/fleursdepave.fr\/wp-content\/uploads\/2023\/01\/2022_10_22_trocante2-768x1024.jpg 768w, https:\/\/fleursdepave.fr\/wp-content\/uploads\/2023\/01\/2022_10_22_trocante2-1152x1536.jpg 1152w, https:\/\/fleursdepave.fr\/wp-content\/uploads\/2023\/01\/2022_10_22_trocante2-1536x2048.jpg 1536w\" sizes=\"(max-width: 1920px) 100vw, 1920px\" \/><\/p>\n\n\n\n<p>L&rsquo;ann\u00e9e 2026 est signe de changement pour l&rsquo;association Fleurs de Pav\u00e9,  un troisi\u00e8me jardin partag\u00e9 voit le jour dans le quartier de Beaupr\u00e9 La Lande de Vannes. A sa t\u00eate une belle \u00e9quipe de b\u00e9n\u00e9voles de la section Beaupr\u00e9 <\/p>\n\n\n\n<figure class=\"wp-block-image size-large is-resized\"><img src=\"https:\/\/fleursdepave.fr\/wp-content\/uploads\/2026\/02\/IMG20260216155103-edited-scaled.jpg\" alt=\"\" class=\"wp-image-705\" width=\"311\" srcset=\"https:\/\/fleursdepave.fr\/wp-content\/uploads\/2026\/02\/IMG20260216155103-edited-scaled.jpg 2560w, https:\/\/fleursdepave.fr\/wp-content\/uploads\/2026\/02\/IMG20260216155103-edited-300x225.jpg 300w, https:\/\/fleursdepave.fr\/wp-content\/uploads\/2026\/02\/IMG20260216155103-edited-1024x769.jpg 1024w, https:\/\/fleursdepave.fr\/wp-content\/uploads\/2026\/02\/IMG20260216155103-edited-768x577.jpg 768w, https:\/\/fleursdepave.fr\/wp-content\/uploads\/2026\/02\/IMG20260216155103-edited-1536x1153.jpg 1536w, https:\/\/fleursdepave.fr\/wp-content\/uploads\/2026\/02\/IMG20260216155103-edited-2048x1538.jpg 2048w\" sizes=\"(max-width: 2560px) 100vw, 2560px\" \/><\/figure>\n\n\n\n<figure class=\"wp-block-image size-large is-resized\"><img loading=\"lazy\" src=\"http:\/\/fleursdepave.fr\/wp-content\/uploads\/2026\/02\/IMG20260216155114-1024x768.jpg\" alt=\"Jardin Beaupr\u00e9\" class=\"wp-image-700\" width=\"308\" height=\"231\" srcset=\"https:\/\/fleursdepave.fr\/wp-content\/uploads\/2026\/02\/IMG20260216155114-1024x768.jpg 1024w, https:\/\/fleursdepave.fr\/wp-content\/uploads\/2026\/02\/IMG20260216155114-300x225.jpg 300w, https:\/\/fleursdepave.fr\/wp-content\/uploads\/2026\/02\/IMG20260216155114-768x576.jpg 768w, https:\/\/fleursdepave.fr\/wp-content\/uploads\/2026\/02\/IMG20260216155114-1536x1152.jpg 1536w, https:\/\/fleursdepave.fr\/wp-content\/uploads\/2026\/02\/IMG20260216155114-2048x1536.jpg 2048w\" sizes=\"(max-width: 308px) 100vw, 308px\" \/><\/figure>\n\n\n\n<p><\/p>\n","protected":false},"excerpt":{"rendered":"<p>Fleurs de pav\u00e9 est une jeune association fond\u00e9e par les habitants du quartier Nord-Gare. La racine de notre projet est de jardiner et cultiver le bien \u00eatre ensemble par divers projets : G\u00e9rer un jardin potager mis \u00e0 disposition par la ville de Vannes ouvert \u00e0 tous Cr\u00e9er du lien social entre les habitants du<br \/><a class=\"moretag\" href=\"https:\/\/fleursdepave.fr\/?page_id=14\">+ Read More<\/a><\/p>\n","protected":false},"author":1,"featured_media":105,"parent":0,"menu_order":0,"comment_status":"closed","ping_status":"closed","template":"","meta":[],"_links":{"self":[{"href":"https:\/\/fleursdepave.fr\/index.php?rest_route=\/wp\/v2\/pages\/14"}],"collection":[{"href":"https:\/\/fleursdepave.fr\/index.php?rest_route=\/wp\/v2\/pages"}],"about":[{"href":"https:\/\/fleursdepave.fr\/index.php?rest_route=\/wp\/v2\/types\/page"}],"author":[{"embeddable":true,"href":"https:\/\/fleursdepave.fr\/index.php?rest_route=\/wp\/v2\/users\/1"}],"replies":[{"embeddable":true,"href":"https:\/\/fleursdepave.fr\/index.php?rest_route=%2Fwp%2Fv2%2Fcomments&post=14"}],"version-history":[{"count":18,"href":"https:\/\/fleursdepave.fr\/index.php?rest_route=\/wp\/v2\/pages\/14\/revisions"}],"predecessor-version":[{"id":707,"href":"https:\/\/fleursdepave.fr\/index.php?rest_route=\/wp\/v2\/pages\/14\/revisions\/707"}],"wp:featuredmedia":[{"embeddable":true,"href":"https:\/\/fleursdepave.fr\/index.php?rest_route=\/wp\/v2\/media\/105"}],"wp:attachment":[{"href":"https:\/\/fleursdepave.fr\/index.php?rest_route=%2Fwp%2Fv2%2Fmedia&parent=14"}],"curies":[{"name":"wp","href":"https:\/\/api.w.org\/{rel}","templated":true}]}}