{"id":113,"date":"2018-10-16T17:16:23","date_gmt":"2018-10-16T15:16:23","guid":{"rendered":"http:\/\/fleursdepave.fr\/?page_id=113"},"modified":"2019-09-28T00:16:56","modified_gmt":"2019-09-27T22:16:56","slug":"permaculture","status":"publish","type":"page","link":"https:\/\/fleursdepave.fr\/?page_id=113","title":{"rendered":"Permaculture"},"content":{"rendered":"<h2 style=\"text-align: center;\"><strong>Vous avez dit&nbsp;: PERMACULTURE&nbsp;?<\/strong><\/h2>\n<p><img loading=\"lazy\" class=\"size-medium wp-image-114 aligncenter\" src=\"http:\/\/fleursdepave.fr\/wp-content\/uploads\/2018\/10\/A1wryjL07LL-300x280.jpg\" alt=\"\" width=\"300\" height=\"280\" srcset=\"https:\/\/fleursdepave.fr\/wp-content\/uploads\/2018\/10\/A1wryjL07LL-300x280.jpg 300w, https:\/\/fleursdepave.fr\/wp-content\/uploads\/2018\/10\/A1wryjL07LL-768x716.jpg 768w, https:\/\/fleursdepave.fr\/wp-content\/uploads\/2018\/10\/A1wryjL07LL-1024x955.jpg 1024w\" sizes=\"(max-width: 300px) 100vw, 300px\" \/><\/p>\n<p style=\"text-align: center;\"><span style=\"font-weight: 400;\">La permaculture ou \u00ab&nbsp;agriculture permanente&nbsp;\u00bb est n\u00e9e en Australie dans les ann\u00e9es 1970.<\/span><\/p>\n<p style=\"text-align: center;\"><span style=\"font-weight: 400;\">Elle peut \u00eatre appliqu\u00e9e \u00e0 de nombreuses \u00e9chelles&nbsp;: du balcon \u00e0 la ville, en passant par le jardin, la ferme ou l\u2019entreprise.<\/span><\/p>\n<p>&nbsp;<\/p>\n<h2 style=\"text-align: center;\"><strong><i>Quel est son int\u00e9r\u00eat&nbsp;?<\/i><\/strong><\/h2>\n<p><span style=\"font-weight: 400;\">En prenant la nature comme professeur, en s\u2019inspirant de l\u2019\u00e9cologie naturelle et de la tradition, la permaculture ambitionne une production durable, tr\u00e8s \u00e9conome en \u00e9nergie, tr\u00e8s respectueuse des \u00eatres vivants et de leurs relations<\/span><\/p>\n<p>&nbsp;<\/p>\n<h2 style=\"text-align: center;\"><strong><i>Quel est son objectif&nbsp;?<\/i><\/strong><\/h2>\n<p><span style=\"font-weight: 400;\">L\u2019objectif est de copier ce qui se passe en for\u00eat. <\/span><\/p>\n<p><span style=\"font-weight: 400;\">Le sol forestier<\/span> <b>:<\/b><span style=\"font-weight: 400;\"> riche, souple, il retient l\u2019humidit\u00e9 et peut encaisser les gros orages sans perdre sa fertilit\u00e9. Bref, on r\u00eave tous d\u2019avoir ce genre de sol au potager. Dans une certaine mesure, c\u2019est possible de recr\u00e9er les conditions pour obtenir ce sol.<\/span><\/p>\n<p>&nbsp;<\/p>\n<h2 style=\"text-align: center;\"><strong><i>Quelle m\u00e9thode&nbsp;?<\/i><\/strong><\/h2>\n<p><span style=\"font-weight: 400;\">La m\u00e9thode consiste \u00e0 empiler des d\u00e9chets organiques de diff\u00e9rentes natures, en commen\u00e7ant par les plus gros dans le fond, et \u00e0 l\u2019am\u00e9liorer au fil du temps.<\/span><\/p>\n<p><span style=\"font-weight: 400;\">La permaculture vise \u00e0 recr\u00e9er des \u00e9cosyst\u00e8mes cultiv\u00e9s. Les interactions sont \u00e9tudi\u00e9es et optimis\u00e9es de fa\u00e7on \u00e0 g\u00e9n\u00e9rer le moins de travail possible<\/span><\/p>\n<p>&nbsp;<\/p>\n","protected":false},"excerpt":{"rendered":"<p>Vous avez dit&nbsp;: PERMACULTURE&nbsp;? La permaculture ou \u00ab&nbsp;agriculture permanente&nbsp;\u00bb est n\u00e9e en Australie dans les ann\u00e9es 1970. Elle peut \u00eatre appliqu\u00e9e \u00e0 de nombreuses \u00e9chelles&nbsp;: du balcon \u00e0 la ville, en passant par le jardin, la ferme ou l\u2019entreprise. &nbsp; Quel est son int\u00e9r\u00eat&nbsp;? En prenant la nature comme professeur, en s\u2019inspirant de l\u2019\u00e9cologie naturelle<br \/><a class=\"moretag\" href=\"https:\/\/fleursdepave.fr\/?page_id=113\">+ Read More<\/a><\/p>\n","protected":false},"author":1,"featured_media":0,"parent":0,"menu_order":0,"comment_status":"closed","ping_status":"closed","template":"","meta":[],"_links":{"self":[{"href":"https:\/\/fleursdepave.fr\/index.php?rest_route=\/wp\/v2\/pages\/113"}],"collection":[{"href":"https:\/\/fleursdepave.fr\/index.php?rest_route=\/wp\/v2\/pages"}],"about":[{"href":"https:\/\/fleursdepave.fr\/index.php?rest_route=\/wp\/v2\/types\/page"}],"author":[{"embeddable":true,"href":"https:\/\/fleursdepave.fr\/index.php?rest_route=\/wp\/v2\/users\/1"}],"replies":[{"embeddable":true,"href":"https:\/\/fleursdepave.fr\/index.php?rest_route=%2Fwp%2Fv2%2Fcomments&post=113"}],"version-history":[{"count":3,"href":"https:\/\/fleursdepave.fr\/index.php?rest_route=\/wp\/v2\/pages\/113\/revisions"}],"predecessor-version":[{"id":265,"href":"https:\/\/fleursdepave.fr\/index.php?rest_route=\/wp\/v2\/pages\/113\/revisions\/265"}],"wp:attachment":[{"href":"https:\/\/fleursdepave.fr\/index.php?rest_route=%2Fwp%2Fv2%2Fmedia&parent=113"}],"curies":[{"name":"wp","href":"https:\/\/api.w.org\/{rel}","templated":true}]}}